{"id":4302,"date":"2020-12-01T18:43:10","date_gmt":"2020-12-01T17:43:10","guid":{"rendered":"http:\/\/www.bild-ing.com\/?page_id=4302"},"modified":"2024-11-09T08:55:19","modified_gmt":"2024-11-09T07:55:19","slug":"lernhilfe-2","status":"publish","type":"page","link":"https:\/\/www.bild-ing.com\/nachhilfe\/","title":{"rendered":"Lernhilfe"},"content":{"rendered":"<p><section class=\"fw-main-row \"  >\n\t<div class=\"fw-container-fluid disable-padding\">\n\t\t<div class=\"fw-row\">\n\t<div class=\"fw-col-xs-12\" style=\"\">\n\t\t\t\r\n\r\n\r\n<section class=\"banner-area fw-main-row  fixed-height\" style=\"height:555px;\">\r\n\t\t\t<div class=\"item dark-bg tac\" style=\"\" data-parallax=\"scroll\" data-image-src=\"\/\/www.bild-ing.com\/nachhilfe\/wp-content\/uploads\/sites\/2\/2020\/12\/Bildschirmfoto-2020-11-04-um-10.07.59.png\">\r\n\t\t<div class=\"fw-container centered-container\">\r\n\t\t\t\t\t\t<div class=\"h1 big\">Lernhilfe<\/div>\r\n\t\t\t\t\t\t<p style=\"text-transform: uppercase;font-style: normal;\">f\u00fcr technische F\u00e4cher<\/p>\r\n\t\t\t\t\t<\/div>\r\n\t<\/div>\r\n\t<\/section>\t<\/div>\n<\/div>\n\n\t<\/div>\n<\/section>\n<section class=\"fw-main-row \" style=\"background-color:#f5f5f5;\" >\n\t<div class=\"fw-container disable-padding\">\n\t\t<div class=\"fw-row\">\n\t<div class=\"fw-col-xs-12\" style=\"\">\n\t\t\t\n\t<div class=\"fw-divider-space\" style=\"padding-top: 60px;\"><\/div>\n\t<\/div>\n<\/div>\n\n<div class=\"fw-row\">\n\t<div class=\"fw-col-xs-12\" style=\"\">\n\t\t\t\n\n<div class=\"heading-decor tac \"  style=''>\n\t\t<h4>Professionelle Lernhilfe f\u00fcr angehende Technikerinnen und Techniker<\/h4>\n<\/div><p style=\"text-align: center;\">Manchmal l\u00e4ufts einfach nicht so, wie man sich das vorgestellt hat. Die Schule entwickelt sich doch \u00f6fters mal zu einer gr\u00f6\u00dferen Herausforderung, als urspr\u00fcnglich angenommen. Das ist aber kein Grund zum Aufgeben...z\u00f6gere nicht und hol Dir Unterst\u00fctzung!<\/p>\t<\/div>\n<\/div>\n\n<div class=\"fw-row\">\n\t<div class=\"fw-col-xs-12\" style=\"\">\n\t\t\t\n\t<div class=\"fw-divider-space\" style=\"padding-top: 60px;\"><\/div>\n\t<\/div>\n<\/div>\n\n\t<\/div>\n<\/section>\n<section class=\"fw-main-row \"  >\n\t<div class=\"fw-container\">\n\t\t<div class=\"fw-row\">\n\t<div class=\"fw-col-xs-12\" style=\"\">\n\t\t\t<p style=\"text-align: center;\"><span style=\"font-size: 14pt;\"><strong>Die entstehenden Kosten werden zu 100% von der <\/strong><\/span><span style=\"font-size: 14pt;\"><strong>Wirtschaftskammer gef\u00f6rdert!!!<\/strong><\/span><\/p><p style=\"text-align: center;\"><span style=\"font-size: 10pt;\">(die n\u00f6tigen Voraussetzungen und weitere Infos auf <a href=\"http:\/\/www.wko.at\">www.wko.at<\/a>)<\/span><\/p>\t<\/div>\n<\/div>\n\n<div class=\"fw-row\">\n\t<div class=\"fw-col-xs-12\" style=\"\">\n\t\t\t<p style=\"text-align: center;\"><span style=\"font-size: 14pt; color: #3366ff;\"><strong><a style=\"color: #3366ff;\" href=\"https:\/\/www.bild-ing.com\/nachhilfe\/lap-vorbereitungskurs\/\">!! JETZT NEU !! - !! Vorbereitungskurse f\u00fcr die Lehrabschlusspr\u00fcfung !!<\/a><\/strong><\/span><\/p>\t<\/div>\n<\/div>\n\n\t<\/div>\n<\/section>\n<section class=\"fw-main-row \" style=\"background-color:#f5f5f5;\" >\n\t<div class=\"fw-container disable-padding\">\n\t\t<div class=\"fw-row\">\n\t<div class=\"fw-col-xs-12\" style=\"\">\n\t\t\t\n\t<div class=\"fw-divider-space\" style=\"padding-top: 60px;\"><\/div>\n\t<\/div>\n<\/div>\n\n<div class=\"fw-row\">\n\t<div class=\"fw-col-xs-12 fw-col-md-8 fw-col-lg-6 \" style=\"\">\n\t\t\t<img decoding=\"async\" src=\"\/\/www.bild-ing.com\/nachhilfe\/wp-content\/uploads\/sites\/2\/2020\/12\/Werkstueck.jpg\" alt=\"\/\/www.bild-ing.com\/nachhilfe\/wp-content\/uploads\/sites\/2\/2020\/12\/Werkstueck.jpg\" \/>\t<\/div>\n<div class=\"fw-col-xs-12 fw-col-sm-6\" style=\"\">\n\t\t\t\n\n<div class=\"base  \"  style=''>\n\t\t<h5>Nicht verzweifeln - Hilfe annehmen!<\/h5>\n<\/div><div class=\"p-style1 tac\">\n<p style=\"text-align: left;\">Du machst eine technische Lehre im Bereich Metalltechnik, Maschinenbau, Zerspanungstechnik, Kraftfahrzeugtechnik, Automatisierungstechnik, Prozesstechnik, Papiertechnik, Kunststofftechnik, techn. Zeichner, Konstrukteur,...und ben\u00f6tigst Hilfe? Manche F\u00e4cher \u00fcberfordern Dich ziemlich? Dein Lehrer hat zuwenig Zeit zum Erkl\u00e4ren? Du hast eine Nachpr\u00fcfung?<\/p><p style=\"text-align: left;\"><strong>Dann nutze jetzt die Zeit und melde Dich zur gezielten Lernhilfe f\u00fcr technische F\u00e4cher an!<\/strong><\/p><p style=\"text-align: left;\">Da ich auch Pr\u00fcfer bei Lehrabschlusspr\u00fcfungen f\u00fcr technische Berufe bin, kann ich dich auch bei der Vorbereitung zur LAP sehr gut unterst\u00fctzen.<\/p><\/div>\n\t<\/div>\n<\/div>\n\n<div class=\"fw-row\">\n\t<div class=\"fw-col-xs-12\" style=\"\">\n\t\t\t\n\t<div class=\"fw-divider-space\" style=\"padding-top: 30px;\"><\/div>\n\t<\/div>\n<\/div>\n\n<div class=\"fw-row\">\n\t<div class=\"fw-col-xs-12 fw-col-sm-6\" style=\"padding-top:50px;\">\n\t\t\t\n\n<div class=\"base  \"  style=''>\n\t\t<h5>Wann ist Lernhilfe sinnvoll?<\/h5>\n<\/div><div class=\"p-style1 tac\">\n<ul><li style=\"text-align: left;\">bei akuten und punktuellen Problemen<\/li><li style=\"text-align: left;\">schulbegleitend zum Nachlernen und Festigen des Lernstoffs<\/li><li style=\"text-align: left;\">als Vorbereitung auf die n\u00e4chste Berufsschulklasse<\/li><li style=\"text-align: left;\">vor einer Nachpr\u00fcfung<\/li><li style=\"text-align: left;\">als Vorbereitung auf die Lehrabschlu\u00dfpr\u00fcfung<\/li><\/ul><\/div>\n\t<\/div>\n<div class=\"fw-col-xs-12 fw-col-md-8 fw-col-lg-6 \" style=\"\">\n\t\t\t<img decoding=\"async\" src=\"\/\/www.bild-ing.com\/nachhilfe\/wp-content\/uploads\/sites\/2\/2020\/12\/laptop-3087585_1920-1.jpg\" alt=\"\/\/www.bild-ing.com\/nachhilfe\/wp-content\/uploads\/sites\/2\/2020\/12\/laptop-3087585_1920-1.jpg\" \/>\t<\/div>\n<\/div>\n\n<div class=\"fw-row\">\n\t<div class=\"fw-col-xs-12\" style=\"\">\n\t\t\t\n\t<div class=\"fw-divider-space\" style=\"padding-top: 50px;\"><\/div>\n\t<\/div>\n<\/div>\n\n\t<\/div>\n<\/section>\n<section class=\"fw-main-row \" style=\"background-color:#f5f5f5;\" >\n\t<div class=\"fw-container disable-padding\">\n\t\t<div class=\"fw-row\">\n\t<div class=\"fw-col-xs-12 fw-col-md-8 fw-col-lg-6 \" style=\"\">\n\t\t\t<img decoding=\"async\" src=\"\/\/www.bild-ing.com\/nachhilfe\/wp-content\/uploads\/sites\/2\/2020\/12\/business-1868015_1920.jpg\" alt=\"\/\/www.bild-ing.com\/nachhilfe\/wp-content\/uploads\/sites\/2\/2020\/12\/business-1868015_1920.jpg\" \/>\t<\/div>\n<div class=\"fw-col-xs-12 fw-col-sm-6\" style=\"\">\n\t\t\t\n\n<div class=\"base  \"  style=''>\n\t\t<h5>bild-ing bietet<\/h5>\n<\/div><div class=\"p-style1 tac\">\n<ul><li style=\"text-align: left;\">pers\u00f6nliches und kostenloses Beratungsgespr\u00e4ch<\/li><li style=\"text-align: left;\">kompetente Nachhilfe vom ersten bis zum letzten Lehrjahr<\/li><li style=\"text-align: left;\">individuelle Betreuung jedes Lehrlings<\/li><li style=\"text-align: left;\">sozial- und berufsp\u00e4dagogische Methoden<\/li><li style=\"text-align: left;\">flexible Termingestaltung<\/li><li style=\"text-align: left;\">gemeinsame Erstellung eines effektiven Lernplans<\/li><li style=\"text-align: left;\">praktische Lerntipps und Lernstrategien<\/li><li style=\"text-align: left;\">bei Bedarf auch online-learning<\/li><li style=\"text-align: left;\">Lernhilfe auch bei Dir zuhause<\/li><\/ul><\/div>\n\t<\/div>\n<\/div>\n\n<div class=\"fw-row\">\n\t<div class=\"fw-col-xs-12\" style=\"\">\n\t\t\t\n\t<div class=\"fw-divider-space\" style=\"padding-top: 50px;\"><\/div>\n\t<\/div>\n<\/div>\n\n\t<\/div>\n<\/section>\n<section class=\"fw-main-row \" style=\"background-color:#f5f5f5;\" >\n\t<div class=\"fw-container disable-padding\">\n\t\t<div class=\"fw-row\">\n\t<div class=\"fw-col-xs-12\" style=\"\">\n\t\t\t\n\n<div class=\"heading-decor tac \"  style=''>\n\t\t<h4>Abh\u00e4ngig von den Bed\u00fcrfnissen erfolgt die Lernhilfe in Form von Einzel- oder Gruppentrainings<\/h4>\n<\/div>\t<\/div>\n<\/div>\n\n<div class=\"fw-row\">\n\t<div class=\"fw-col-xs-12 fw-col-md-8 fw-col-lg-6 \" style=\"\">\n\t\t\t<img decoding=\"async\" src=\"\/\/www.bild-ing.com\/nachhilfe\/wp-content\/uploads\/sites\/2\/2020\/12\/girl-3718526_1920.jpg\" alt=\"\/\/www.bild-ing.com\/nachhilfe\/wp-content\/uploads\/sites\/2\/2020\/12\/girl-3718526_1920.jpg\" \/>\t<\/div>\n<div class=\"fw-col-xs-12 fw-col-sm-6\" style=\"\">\n\t\t\t\n\n<div class=\"base  \"  style=''>\n\t\t<h5>Einzeltraining<\/h5>\n<\/div><div class=\"p-style1 tac\">\n<p style=\"text-align: left;\">Das Einzeltraining ist eine sehr flexible und effiziente Art der Unterst\u00fctzung. Der Trainer kann sich uneingeschr\u00e4nkt\u00a0den individuellen Bed\u00fcrfnissen des Sch\u00fclers widmen. Zeitlich ist man dabei sehr flexibel und ein Beginn ist\u00a0jederzeit m\u00f6glich. Arbeitsmethode und Arbeitsgeschwindigkeit werden individuell angepasst.\u00a0Die Lerneinheiten sind selbstverst\u00e4ndlich ohne Bindung und flexibel buchbar.\u00a0Das Einzeltraining kann im bild-ing B\u00fcro in Laakirchen, in der Berufsschule, im Internat, zuhause\u00a0oder auch im Lehrbetrieb stattfinden. Ganz wie du m\u00f6chtest.<\/p><\/div>\n\t<\/div>\n<\/div>\n\n<div class=\"fw-row\">\n\t<div class=\"fw-col-xs-12\" style=\"\">\n\t\t\t\n\t<div class=\"fw-divider-space\" style=\"padding-top: 30px;\"><\/div>\n\t<\/div>\n<\/div>\n\n<div class=\"fw-row\">\n\t<div class=\"fw-col-xs-12 fw-col-sm-6\" style=\"padding-top:50px;\">\n\t\t\t\n\n<div class=\"base  \"  style=''>\n\t\t<h5>Gruppentraining<\/h5>\n<\/div><div class=\"p-style1 tac\">\n<div style=\"text-align: left;\"><p>Oft gibt es in der Schulklasse weitere KollegInnen, die ebenso Hilfe ben\u00f6tigen. Dann besteht nat\u00fcrlich auch die M\u00f6glichkeit einer gemeinsamen Nachhilfe. In kleinen Gruppen gemeinsam mit anderen zu lernen macht oft mehr Spa\u00df\u00a0und steigert nachweislich die Motivation und den Lernerfolg. Hier besteht die M\u00f6glichkeit voneinander zu lernen\u00a0und sich auszutauschen. \u00c4ngste und Nervosit\u00e4t k\u00f6nnen in der kleinen Gruppe schneller abgebaut werden.\u00a0Das Gruppentraining kann nach dem Unterricht in der Schule, in der Lernstunde im Internat, oder\u00a0nat\u00fcrlich auch im Lehrbetrieb stattfinden.<\/p><\/div><\/div>\n\t<\/div>\n<div class=\"fw-col-xs-12 fw-col-md-8 fw-col-lg-6 \" style=\"\">\n\t\t\t<img decoding=\"async\" src=\"\/\/www.bild-ing.com\/nachhilfe\/wp-content\/uploads\/sites\/2\/2020\/12\/people-discussion-5069845_1920.jpg\" alt=\"\/\/www.bild-ing.com\/nachhilfe\/wp-content\/uploads\/sites\/2\/2020\/12\/people-discussion-5069845_1920.jpg\" \/>\t<\/div>\n<\/div>\n\n<div class=\"fw-row\">\n\t<div class=\"fw-col-xs-12\" style=\"\">\n\t\t\t\n\t<div class=\"fw-divider-space\" style=\"padding-top: 50px;\"><\/div>\n\t<\/div>\n<\/div>\n\n\t<\/div>\n<\/section>\n<section class=\"fw-main-row \" style=\"background-color:#f5f5f5;\" >\n\t<div class=\"fw-container disable-padding\">\n\t\t<div class=\"fw-row\">\n\t<div class=\"fw-col-xs-12\" style=\"\">\n\t\t\t\n\n<div class=\"heading-decor tac \"  style=''>\n\t\t<h3>Dipl. Sozial- und Berufsp\u00e4dagoge<\/h3>\n\t\t<h4>Ing. Heimo Hamminger<\/h4>\n<\/div>\t<\/div>\n<\/div>\n\n<div class=\"fw-row\">\n\t<div class=\"fw-col-xs-12\" style=\"\">\n\t\t\t\n\t<div class=\"fw-divider-space\" style=\"padding-top: 30px;\"><\/div>\n\t<\/div>\n<\/div>\n\n<div class=\"fw-row\">\n\t<div class=\"fw-col-xs-12 fw-col-sm-6\" style=\"\">\n\t\t\t<div class=\"p-style1 tac\">\n<p style=\"text-align: left;\">Als Ausbildungsleiter f\u00fcr Lehrlinge habe ich langj\u00e4hrige Erfahrung im Unterrichten und arbeite sehr gerne mit Kindern und Jugendlichen. Egal ob Du regelm\u00e4\u00dfige Hilfe brauchst oder nur eine kurzfristige Unterst\u00fctzung vor einer Schularbeit oder Nachpr\u00fcfung, ich nehme mir immer ausreichend Zeit und erkl\u00e4re alles mit viel Geduld und leicht verst\u00e4ndlich.\u00a0Durch meine Zusatzausbildung zum Dipl. Sozial- und Berufsp\u00e4dagogen kann ich Dich auch bei der Suche nach einer optimalen Lernstrategie unterst\u00fctzen.<\/p><p style=\"text-align: left;\">Die Lernhilfe findet dort statt, wo es f\u00fcr Dich am angenehmsten ist. In meinem B\u00fcro in Laakirchen, bei Dir zuhause, in Deiner Schule oder auch in Deinem Lehrbetrieb. Alles ist m\u00f6glich.<\/p><p style=\"text-align: left;\">Seit meiner Matura an der HTL f\u00fcr Maschinenbau, zahlreichen Weiterbildungen und einer langj\u00e4hrigen Praxis im technischen Bereich, habe ich mich auf die Nachhilfe f\u00fcr technische F\u00e4cher spezialisiert.<\/p><\/div>\n\t<\/div>\n<div class=\"fw-col-xs-12 fw-col-md-8 fw-col-lg-6 \" style=\"padding-left:200px;\">\n\t\t\t<img loading=\"lazy\" decoding=\"async\" src=\"https:\/\/www.bild-ing.com\/nachhilfe\/wp-content\/uploads\/sites\/2\/2024\/11\/Selbstportrait-SW-1-300x400.jpg\" alt=\"Heimo Hamminger\" width=\"300\" height=\"400\" \/>\t<\/div>\n<\/div>\n\n<div class=\"fw-row\">\n\t<div class=\"fw-col-xs-12\" style=\"\">\n\t\t\t\n\t<div class=\"fw-divider-space\" style=\"padding-top: 30px;\"><\/div>\n\t<\/div>\n<\/div>\n\n\t<\/div>\n<\/section>\n<section class=\"fw-main-row \" style=\"background-color:#e8e8e8;\" >\n\t<div class=\"fw-container\">\n\t\t<div class=\"fw-row\">\n\t<div class=\"fw-col-xs-12\" style=\"\">\n\t\t\t\n\t<div class=\"fw-divider-space\" style=\"padding-top: 10px;\"><\/div>\n\t<\/div>\n<\/div>\n\n<div class=\"fw-row\">\n\t<div class=\"fw-col-xs-12\" style=\"\">\n\t\t\t\n<!-- Testimonials -->\n<blockquote >ich w\u00fcrde zwar Hilfe ben\u00f6tigen, aber das kann ich mir nicht leisten...<\/blockquote>\n<h4 class=\"uppercase tac\"><\/h4>\n<h6 class=\"uppercase tac\"><\/h6>\n<!-- END Testimonials -->\t<\/div>\n<\/div>\n\n<div class=\"fw-row\">\n\t<div class=\"fw-col-xs-12\" style=\"\">\n\t\t\t\n\t<div class=\"fw-divider-space\" style=\"padding-top: 10px;\"><\/div>\n\t<\/div>\n<\/div>\n\n\t<\/div>\n<\/section>\n<section class=\"fw-main-row \" style=\"background-color:#f5f5f5;\" >\n\t<div class=\"fw-container disable-padding\">\n\t\t<div class=\"fw-row\">\n\t<div class=\"fw-col-xs-12\" style=\"\">\n\t\t\t\n\n<div class=\"heading-decor tac \"  style=''>\n\t\t<h4>Welche Kosten entstehen dabei?<\/h4>\n<\/div>\t<\/div>\n<\/div>\n\n<div class=\"fw-row\">\n\t<div class=\"fw-col-xs-12 fw-col-md-8 fw-col-lg-6 \" style=\"\">\n\t\t\t<img decoding=\"async\" src=\"\/\/www.bild-ing.com\/nachhilfe\/wp-content\/uploads\/sites\/2\/2020\/12\/savings-2789112_1920.jpg\" alt=\"\/\/www.bild-ing.com\/nachhilfe\/wp-content\/uploads\/sites\/2\/2020\/12\/savings-2789112_1920.jpg\" \/>\t<\/div>\n<div class=\"fw-col-xs-12 fw-col-sm-6\" style=\"\">\n\t\t\t<div class=\"p-style1 tac\">\n<p style=\"text-align: left;\">Nat\u00fcrlich ist die Nachhilfe nicht kostenlos. Die Preise f\u00fcr eine Einheit mit 50 Minuten variieren und sind auch davon abh\u00e4ngig, ob Einzelunterricht oder Gruppenunterricht stattfindet. Aber im wesentlichen kann man mit Kosten von 35-60\u20ac pro Einheit rechnen. Sofern der Lehrbetrieb die Kosten \u00fcbernimmt, gibt es die M\u00f6glichkeit, den Gesamtbetrag bei der Wirtschaftskammer einzureichen. Im Rahmen der Lehrlingsf\u00f6rderung der WKO gibt es f\u00fcr die gesamte Ausbildungsperiode einen F\u00f6rderbonus von 3000\u20ac pro Lehrling. Das bedeutet, die Kosten f\u00fcr die Nachhilfe werden zur G\u00e4nze r\u00fcckerstattet!<\/p><p style=\"text-align: left;\"><span style=\"font-size: 14pt;\"><strong>Werden die Voraussetzungen erf\u00fcllt, dann werden die Kosten f\u00fcr Lernhilfe zu 100% \u00fcbernommen!<\/strong><\/span><\/p><p style=\"text-align: left;\">Gerne kann ich den Lehrbetrieb bei der Einreichung der F\u00f6rderung unterst\u00fctzen. Weitere Infos zur F\u00f6rderung gibt es auf <a href=\"http:\/\/www.wko.at\">www.wko.at<\/a><\/p><\/div>\n\t<\/div>\n<\/div>\n\n\t<\/div>\n<\/section>\n<section class=\"fw-main-row \" style=\"background-color:#f5f5f5;\" >\n\t<div class=\"fw-container\">\n\t\t<div class=\"fw-row\">\n\t<div class=\"fw-col-xs-12\" style=\"\">\n\t\t\t\n\t<div class=\"fw-divider-space\" style=\"padding-top: 100px;\"><\/div>\n\t<\/div>\n<\/div>\n\n<div class=\"fw-row\">\n\t<div class=\"fw-col-xs-12\" style=\"\">\n\t\t\t<img decoding=\"async\" src=\"\/\/www.bild-ing.com\/nachhilfe\/wp-content\/uploads\/sites\/2\/2020\/12\/book-4126483_1920.jpg\" alt=\"\/\/www.bild-ing.com\/nachhilfe\/wp-content\/uploads\/sites\/2\/2020\/12\/book-4126483_1920.jpg\" height=\"200\" \/>\t<\/div>\n<\/div>\n\n<div class=\"fw-row\">\n\t<div class=\"fw-col-xs-12\" style=\"\">\n\t\t\t\n\t<div class=\"fw-divider-space\" style=\"padding-top: 50px;\"><\/div>\n\t<\/div>\n<\/div>\n\n\t<\/div>\n<\/section>\n<section class=\"fw-main-row \" style=\"background-color:#f5f5f5;\" >\n\t<div class=\"fw-container disable-padding\">\n\t\t<div class=\"fw-row\">\n\t<div class=\"fw-col-xs-12\" style=\"\">\n\t\t\t\n\n<div class=\"heading-decor tac \"  style=''>\n\t\t<h3>F\u00f6rderung der Kosten<\/h3>\n\t\t<h4>Infos f\u00fcr den Lehrbetrieb<\/h4>\n<\/div>\t<\/div>\n<\/div>\n\n<div class=\"fw-row\">\n\t<div class=\"fw-col-xs-12\" style=\"\">\n\t\t\t<div class=\"p-style1 tac\">\n<p style=\"text-align: left;\">Unser duales Ausbildungssystem ist weltweit anerkannt und erreicht durch die Abwechslung von Betrieb und Schule \u00a0eine sehr hohe Ausbildungsqualit\u00e4t. Viele Lehrlinge haben sich f\u00fcr einen Lehrberuf entschieden, weil sie nicht mehr in \u00a0die Schule gehen m\u00f6chten. Nat\u00fcrlich steht bei einer Lehre die Ausbildung im Betrieb im Vordergrund, allerdings werden deshalb\u00a0oft die Anforderungen der Berufsschule etwas untersch\u00e4tzt. Vielen Jugendlichen f\u00e4llt es schwer, sich wieder in das Schulsystem einzufinden und einen guten Lernrhytmus zu finden. Manche F\u00e4cher haben einen sehr intensiven\u00a0Lehrplan, da fehlt w\u00e4hrend des Unterrichts manchmal einfach die Zeit f\u00fcr lange Erkl\u00e4rungen.<\/p><p style=\"text-align: left;\">Deshalb ist es sinnvoll, so bald als m\u00f6glich Unterst\u00fctzung\u00a0in Form von Lernhilfe in Anspruch zu nehmen. Unters\u00fctzen Sie Ihre Lehrlinge auch w\u00e4hrend der Berufsschulzeit und\u00a0erm\u00f6glichen Sie ihnen, eine Lernhilfe in Anspruch nehmen zu k\u00f6nnen. Die entandenen Kosten k\u00f6nnen Sie bei der Wirtschaftkammer\u00a0einreichen, wo diese im Rahmen einer F\u00f6rderung bis zu 100% r\u00fcckerstattet werden. Gerne helfe Ich Ihnen beim Ausf\u00fcllen der Antragsformulare. Weitere Infos zu dieser F\u00f6rderung erhalten Sie unter <a href=\"http:\/\/www.wko.at\">www.wko.at<\/a><\/p><\/div>\n\t<\/div>\n<\/div>\n\n\t<\/div>\n<\/section>\n<section class=\"fw-main-row \" style=\"background-color:#f5f5f5;\" >\n\t<div class=\"fw-container disable-padding\">\n\t\t<div class=\"fw-row\">\n\t<div class=\"fw-col-xs-12\" style=\"\">\n\t\t\t\n\t<div class=\"fw-divider-space\" style=\"padding-top: 50px;\"><\/div>\n\t<\/div>\n<\/div>\n\n<div class=\"fw-row\">\n\t<div class=\"fw-col-xs-12\" style=\"\">\n\t\t\t\n\n<div class=\"heading-decor tac \"  style=''>\n\t\t<h4>individuell - pers\u00f6nlich - kostenlos!<\/h4>\n<\/div>\t<\/div>\n<\/div>\n\n<div class=\"fw-row\">\n\t<div class=\"fw-col-xs-12\" style=\"\">\n\t\t\t<div class=\"p-style1 tac\">\n<p style=\"text-align: center;\">Du und Dein Lehrbetrieb haben also keinen finanziellen Aufwand! Die Lernhilfe ist genau auf Dich abgestimmt! Du entscheidest, wann und wo wir lernen! Was fehlt also noch?<\/p><p style=\"text-align: center;\"><strong>Ein bisschen Zeit und etwas Motivation!<\/strong><\/p><\/div>\n\t<\/div>\n<\/div>\n\n<div class=\"fw-row\">\n\t<div class=\"fw-col-xs-12\" style=\"\">\n\t\t\t<div class=\"fw-row tac\">\n\t\t\t\t\t\t<a href=\"http:\/\/www.bild-ing.com\/nachhilfe\/kontakt\/\" target=\"_blank\" class=\"button-style2 \" style=\"\">\n\t\t\t\t\t\t\t\t<span>Kontakt<\/span>\n\t\t\t<\/a>\n\t\t\t<\/div>\t<\/div>\n<\/div>\n\n<div class=\"fw-row\">\n\t<div class=\"fw-col-xs-12\" style=\"\">\n\t\t\t\n\t<div class=\"fw-divider-space\" style=\"padding-top: 30px;\"><\/div>\n\t<\/div>\n<\/div>\n\n\t<\/div>\n<\/section>\n<section class=\"fw-main-row \" style=\"background-color:#f5f5f5;\" >\n\t<div class=\"fw-container\">\n\t\t<div class=\"fw-row\">\n\t<div class=\"fw-col-xs-12\" style=\"\">\n\t\t\t\n\t<div class=\"fw-divider-space\" style=\"padding-top: 30px;\"><\/div>\n\t<\/div>\n<\/div>\n\n<div class=\"fw-row\">\n\t<div class=\"fw-col-xs-12 fw-col-sm-3\" style=\"\">\n\t\t\t<img loading=\"lazy\" decoding=\"async\" src=\"https:\/\/www.bild-ing.com\/nachhilfe\/wp-content\/uploads\/sites\/2\/2020\/12\/Lineal-300x200.jpg\" alt=\"https:\/\/www.bild-ing.com\/nachhilfe\/wp-content\/uploads\/sites\/2\/2020\/12\/Lineal-300x200.jpg\" width=\"300\" height=\"200\" \/>\t<\/div>\n<div class=\"fw-col-xs-12 fw-col-sm-3\" style=\"\">\n\t\t\t<img loading=\"lazy\" decoding=\"async\" src=\"https:\/\/www.bild-ing.com\/nachhilfe\/wp-content\/uploads\/sites\/2\/2020\/12\/Bildschirmfoto-2020-11-17-um-14.45.44-1-300x200.png\" alt=\"https:\/\/www.bild-ing.com\/nachhilfe\/wp-content\/uploads\/sites\/2\/2020\/12\/Bildschirmfoto-2020-11-17-um-14.45.44-1-300x200.png\" width=\"300\" height=\"200\" \/>\t<\/div>\n<div class=\"fw-col-xs-12 fw-col-sm-3\" style=\"\">\n\t\t\t<img loading=\"lazy\" decoding=\"async\" src=\"https:\/\/www.bild-ing.com\/nachhilfe\/wp-content\/uploads\/sites\/2\/2020\/12\/Bildschirmfoto-2020-11-17-um-13.13.55-300x200.png\" alt=\"https:\/\/www.bild-ing.com\/nachhilfe\/wp-content\/uploads\/sites\/2\/2020\/12\/Bildschirmfoto-2020-11-17-um-13.13.55-300x200.png\" width=\"300\" height=\"200\" \/>\t<\/div>\n<div class=\"fw-col-xs-12 fw-col-sm-3\" style=\"\">\n\t\t\t<img loading=\"lazy\" decoding=\"async\" src=\"https:\/\/www.bild-ing.com\/nachhilfe\/wp-content\/uploads\/sites\/2\/2020\/12\/Zahnrad-300x200.jpg\" alt=\"https:\/\/www.bild-ing.com\/nachhilfe\/wp-content\/uploads\/sites\/2\/2020\/12\/Zahnrad-300x200.jpg\" width=\"300\" height=\"200\" \/>\t<\/div>\n<\/div>\n\n<div class=\"fw-row\">\n\t<div class=\"fw-col-xs-12\" style=\"\">\n\t\t\t\n\t<div class=\"fw-divider-space\" style=\"padding-top: 100px;\"><\/div>\n\t<\/div>\n<\/div>\n\n\t<\/div>\n<\/section>\n<\/p>\n","protected":false},"excerpt":{"rendered":"<p>Lernhilfe f\u00fcr technische F\u00e4cher Professionelle Lernhilfe f\u00fcr angehende Technikerinnen und Techniker Manchmal l\u00e4ufts einfach nicht so, wie man sich das vorgestellt hat. Die Schule entwickelt sich doch \u00f6fters mal zu einer gr\u00f6\u00dferen Herausforderung, als urspr\u00fcnglich angenommen. Das ist aber kein Grund zum Aufgeben&#8230;z\u00f6gere nicht und hol Dir Unterst\u00fctzung! Die entstehenden Kosten werden zu 100% von [&hellip;]<\/p>\n","protected":false},"author":1,"featured_media":0,"parent":0,"menu_order":0,"comment_status":"closed","ping_status":"closed","template":"page-landing.php","meta":{"_acf_changed":false,"footnotes":""},"class_list":["post-4302","page","type-page","status-publish","hentry"],"acf":[],"_links":{"self":[{"href":"https:\/\/www.bild-ing.com\/nachhilfe\/wp-json\/wp\/v2\/pages\/4302","targetHints":{"allow":["GET"]}}],"collection":[{"href":"https:\/\/www.bild-ing.com\/nachhilfe\/wp-json\/wp\/v2\/pages"}],"about":[{"href":"https:\/\/www.bild-ing.com\/nachhilfe\/wp-json\/wp\/v2\/types\/page"}],"author":[{"embeddable":true,"href":"https:\/\/www.bild-ing.com\/nachhilfe\/wp-json\/wp\/v2\/users\/1"}],"replies":[{"embeddable":true,"href":"https:\/\/www.bild-ing.com\/nachhilfe\/wp-json\/wp\/v2\/comments?post=4302"}],"version-history":[{"count":96,"href":"https:\/\/www.bild-ing.com\/nachhilfe\/wp-json\/wp\/v2\/pages\/4302\/revisions"}],"predecessor-version":[{"id":4884,"href":"https:\/\/www.bild-ing.com\/nachhilfe\/wp-json\/wp\/v2\/pages\/4302\/revisions\/4884"}],"wp:attachment":[{"href":"https:\/\/www.bild-ing.com\/nachhilfe\/wp-json\/wp\/v2\/media?parent=4302"}],"curies":[{"name":"wp","href":"https:\/\/api.w.org\/{rel}","templated":true}]}}